{"id":14,"date":"2025-07-12T23:18:42","date_gmt":"2025-07-12T23:18:42","guid":{"rendered":"http:\/\/clixity.eu\/about-us\/"},"modified":"2025-07-13T19:49:12","modified_gmt":"2025-07-13T19:49:12","slug":"about-us","status":"publish","type":"page","link":"https:\/\/clixity.eu\/pt\/about-us\/","title":{"rendered":"Sobre n\u00f3s"},"content":{"rendered":"<div data-elementor-type=\"wp-page\" data-elementor-id=\"14\" class=\"elementor elementor-14\">\n\t\t\t\t<div class=\"elementor-element elementor-element-33b11f6 e-flex e-con-boxed e-con e-parent\" data-id=\"33b11f6\" data-element_type=\"container\" data-settings=\"{&quot;background_background&quot;:&quot;classic&quot;}\">\n\t\t\t\t\t<div class=\"e-con-inner\">\n\t\t<div class=\"elementor-element elementor-element-032933a e-con-full e-flex e-con e-child\" data-id=\"032933a\" data-element_type=\"container\">\n\t\t\t\t<div class=\"elementor-element elementor-element-671748a elementor-widget-divider--view-line elementor-widget elementor-widget-divider\" data-id=\"671748a\" data-element_type=\"widget\" data-widget_type=\"divider.default\">\n\t\t\t\t<div class=\"elementor-widget-container\">\n\t\t\t\t\t\t\t<div class=\"elementor-divider\">\n\t\t\t<span class=\"elementor-divider-separator\">\n\t\t\t\t\t\t<\/span>\n\t\t<\/div>\n\t\t\t\t\t\t<\/div>\n\t\t\t\t<\/div>\n\t\t\t\t<\/div>\n\t\t<div class=\"elementor-element elementor-element-9aaf5bf e-con-full e-flex e-con e-child\" data-id=\"9aaf5bf\" data-element_type=\"container\">\n\t\t\t\t<div class=\"elementor-element elementor-element-ee3a822 elementor-widget elementor-widget-heading\" data-id=\"ee3a822\" data-element_type=\"widget\" data-widget_type=\"heading.default\">\n\t\t\t\t<div class=\"elementor-widget-container\">\n\t\t\t\t\t<h1 class=\"elementor-heading-title elementor-size-default\">Sobre<br>Connosco<\/h1>\t\t\t\t<\/div>\n\t\t\t\t<\/div>\n\t\t\t\t<\/div>\n\t\t\t\t\t<\/div>\n\t\t\t\t<\/div>\n\t\t<div class=\"elementor-element elementor-element-9a69dbc e-flex e-con-boxed e-con e-parent\" data-id=\"9a69dbc\" data-element_type=\"container\">\n\t\t\t\t\t<div class=\"e-con-inner\">\n\t\t<div class=\"elementor-element elementor-element-90ca037 e-con-full e-flex e-con e-child\" data-id=\"90ca037\" data-element_type=\"container\">\n\t\t\t\t<div class=\"elementor-element elementor-element-f74a75f elementor-widget elementor-widget-heading\" data-id=\"f74a75f\" data-element_type=\"widget\" data-widget_type=\"heading.default\">\n\t\t\t\t<div class=\"elementor-widget-container\">\n\t\t\t\t\t<h6 class=\"elementor-heading-title elementor-size-default\">01<\/h6>\t\t\t\t<\/div>\n\t\t\t\t<\/div>\n\t\t\t\t<div class=\"elementor-element elementor-element-dfd7617 elementor-widget elementor-widget-heading\" data-id=\"dfd7617\" data-element_type=\"widget\" data-widget_type=\"heading.default\">\n\t\t\t\t<div class=\"elementor-widget-container\">\n\t\t\t\t\t<h5 class=\"elementor-heading-title elementor-size-default\">Vis\u00e3o<\/h5>\t\t\t\t<\/div>\n\t\t\t\t<\/div>\n\t\t\t\t<\/div>\n\t\t<div class=\"elementor-element elementor-element-19179c6 e-con-full e-flex e-con e-child\" data-id=\"19179c6\" data-element_type=\"container\">\n\t\t\t\t<div class=\"elementor-element elementor-element-c55f880 elementor-widget elementor-widget-heading\" data-id=\"c55f880\" data-element_type=\"widget\" data-widget_type=\"heading.default\">\n\t\t\t\t<div class=\"elementor-widget-container\">\n\t\t\t\t\t<h2 class=\"elementor-heading-title elementor-size-default\">Quem somos<\/h2>\t\t\t\t<\/div>\n\t\t\t\t<\/div>\n\t\t\t\t<\/div>\n\t\t\t\t\t<\/div>\n\t\t\t\t<\/div>\n\t\t<div class=\"elementor-element elementor-element-2bd8c48 e-flex e-con-boxed e-con e-parent\" data-id=\"2bd8c48\" data-element_type=\"container\">\n\t\t\t\t\t<div class=\"e-con-inner\">\n\t\t<div class=\"elementor-element elementor-element-3e4c2b2 e-con-full e-flex e-con e-child\" data-id=\"3e4c2b2\" data-element_type=\"container\">\n\t\t<div class=\"elementor-element elementor-element-e41bfde e-con-full e-flex e-con e-child\" data-id=\"e41bfde\" data-element_type=\"container\">\n\t\t<div class=\"elementor-element elementor-element-bff0d4c e-con-full e-flex e-con e-child\" data-id=\"bff0d4c\" data-element_type=\"container\">\n\t\t\t\t<div class=\"elementor-element elementor-element-e3c5557 elementor-widget elementor-widget-heading\" data-id=\"e3c5557\" data-element_type=\"widget\" data-widget_type=\"heading.default\">\n\t\t\t\t<div class=\"elementor-widget-container\">\n\t\t\t\t\t<h3 class=\"elementor-heading-title elementor-size-default\">Somos uma ag\u00eancia de marketing digital focada em resultados, n\u00e3o em palpites. Na Clixity, estrat\u00e9gia, dados e criatividade unem-se para impulsionar o crescimento real.<\/h3>\t\t\t\t<\/div>\n\t\t\t\t<\/div>\n\t\t\t\t<\/div>\n\t\t\t\t<\/div>\n\t\t<div class=\"elementor-element elementor-element-acfd1de e-con-full e-flex e-con e-child\" data-id=\"acfd1de\" data-element_type=\"container\">\n\t\t<div class=\"elementor-element elementor-element-278a66d e-con-full e-flex e-con e-child\" data-id=\"278a66d\" data-element_type=\"container\">\n\t\t\t\t<div class=\"elementor-element elementor-element-31b2a97 elementor-widget elementor-widget-heading\" data-id=\"31b2a97\" data-element_type=\"widget\" data-widget_type=\"heading.default\">\n\t\t\t\t<div class=\"elementor-widget-container\">\n\t\t\t\t\t<h5 class=\"elementor-heading-title elementor-size-default\">A Clixity \u00e9 uma ag\u00eancia de marketing digital voltada para desempenho, focada em estrat\u00e9gia, crescimento e impacto mensur\u00e1vel.<\/h5>\t\t\t\t<\/div>\n\t\t\t\t<\/div>\n\t\t\t\t<\/div>\n\t\t<div class=\"elementor-element elementor-element-477862a e-con-full e-flex e-con e-child\" data-id=\"477862a\" data-element_type=\"container\">\n\t\t\t\t<div class=\"elementor-element elementor-element-880025f elementor-widget elementor-widget-text-editor\" data-id=\"880025f\" data-element_type=\"widget\" data-widget_type=\"text-editor.default\">\n\t\t\t\t<div class=\"elementor-widget-container\">\n\t\t\t\t\t\t\t\t\t<p data-start=\"412\" data-end=\"717\">Na Clixity, ajudamos marcas ambiciosas a transformar marketing em impulso. A nossa equipea combina dados, criatividade e pensamento estrat\u00e9gico para criar campanhas que n\u00e3o apenas atraem, mas tamb\u00e9m convertem e escalam. De m\u00eddia paga e SEO, a landing pages e an\u00e1lises, tudo o que fazemos \u00e9 projetado para impulsionar o seu neg\u00f3cio.<\/p><p data-start=\"719\" data-end=\"1046\">N\u00e3o somos apenas mais uma ag\u00eancia em busca de cliques. O nosso foco \u00e9 o desempenho completo do funil de vendas \u2014 entendendo o p\u00fablico, refinando o posicionamento e construindo sistemas que geram resultados previs\u00edveis. Seja voc\u00ea uma startup ou uma marca consolidada, a Clixity oferece a clareza, as ferramentas e a execu\u00e7\u00e3o necess\u00e1rias para crescer com confian\u00e7a.<\/p>\t\t\t\t\t\t\t\t<\/div>\n\t\t\t\t<\/div>\n\t\t\t\t<div class=\"elementor-element elementor-element-749e677 elementor-widget elementor-widget-text-editor\" data-id=\"749e677\" data-element_type=\"widget\" data-widget_type=\"text-editor.default\">\n\t\t\t\t<div class=\"elementor-widget-container\">\n\t\t\t\t\t\t\t\t\t<p>No cerne de tudo o que fazemos est\u00e1 o compromisso com a clareza e o impacto. N\u00e3o acreditamos em solu\u00e7\u00f5es universais \u2014 fazemos parceria com cada cliente para entender os seus objetivos, desafios e mercado, e ent\u00e3o elaboramos estrat\u00e9gias alinhadas aos objetivos do neg\u00f3cio. Com a Clixity, o marketing torna-se um motor de crescimento \u2014 n\u00e3o apenas uma despesa.<\/p>\t\t\t\t\t\t\t\t<\/div>\n\t\t\t\t<\/div>\n\t\t\t\t<\/div>\n\t\t\t\t<\/div>\n\t\t\t\t<\/div>\n\t\t\t\t\t<\/div>\n\t\t\t\t<\/div>\n\t\t<div class=\"elementor-element elementor-element-8d10edf elementor-hidden-desktop elementor-hidden-tablet elementor-hidden-mobile e-flex e-con-boxed e-con e-parent\" data-id=\"8d10edf\" data-element_type=\"container\">\n\t\t\t\t\t<div class=\"e-con-inner\">\n\t\t<div class=\"elementor-element elementor-element-5499344 e-con-full e-flex e-con e-child\" data-id=\"5499344\" data-element_type=\"container\">\n\t\t\t\t<div class=\"elementor-element elementor-element-4f23732 elementor-widget elementor-widget-heading\" data-id=\"4f23732\" data-element_type=\"widget\" data-widget_type=\"heading.default\">\n\t\t\t\t<div class=\"elementor-widget-container\">\n\t\t\t\t\t<h6 class=\"elementor-heading-title elementor-size-default\">02<\/h6>\t\t\t\t<\/div>\n\t\t\t\t<\/div>\n\t\t\t\t<div class=\"elementor-element elementor-element-41f462b elementor-widget elementor-widget-heading\" data-id=\"41f462b\" data-element_type=\"widget\" data-widget_type=\"heading.default\">\n\t\t\t\t<div class=\"elementor-widget-container\">\n\t\t\t\t\t<h5 class=\"elementor-heading-title elementor-size-default\">People<\/h5>\t\t\t\t<\/div>\n\t\t\t\t<\/div>\n\t\t\t\t<\/div>\n\t\t<div class=\"elementor-element elementor-element-3b968c6 e-con-full e-flex e-con e-child\" data-id=\"3b968c6\" data-element_type=\"container\">\n\t\t\t\t<div class=\"elementor-element elementor-element-305f089 elementor-widget elementor-widget-heading\" data-id=\"305f089\" data-element_type=\"widget\" data-widget_type=\"heading.default\">\n\t\t\t\t<div class=\"elementor-widget-container\">\n\t\t\t\t\t<h2 class=\"elementor-heading-title elementor-size-default\">Leadership Team<\/h2>\t\t\t\t<\/div>\n\t\t\t\t<\/div>\n\t\t\t\t<\/div>\n\t\t\t\t\t<\/div>\n\t\t\t\t<\/div>\n\t\t<div class=\"elementor-element elementor-element-df6f0c2 elementor-hidden-desktop elementor-hidden-tablet elementor-hidden-mobile e-flex e-con-boxed e-con e-parent\" data-id=\"df6f0c2\" data-element_type=\"container\">\n\t\t\t\t\t<div class=\"e-con-inner\">\n\t\t<div class=\"elementor-element elementor-element-626e41c e-con-full e-flex e-con e-child\" data-id=\"626e41c\" data-element_type=\"container\">\n\t\t\t\t<\/div>\n\t\t<div class=\"elementor-element elementor-element-32b1496 e-con-full e-flex e-con e-child\" data-id=\"32b1496\" data-element_type=\"container\">\n\t\t<div class=\"elementor-element elementor-element-9419298 e-con-full e-flex e-con e-child\" data-id=\"9419298\" data-element_type=\"container\">\n\t\t<div class=\"elementor-element elementor-element-2f29111 e-con-full e-flex e-con e-child\" data-id=\"2f29111\" data-element_type=\"container\">\n\t\t\t\t<div class=\"elementor-element elementor-element-e308aeb elementor-widget elementor-widget-image\" data-id=\"e308aeb\" data-element_type=\"widget\" data-widget_type=\"image.default\">\n\t\t\t\t<div class=\"elementor-widget-container\">\n\t\t\t\t\t\t\t\t\t\t\t\t\t\t\t<img fetchpriority=\"high\" decoding=\"async\" width=\"320\" height=\"320\" src=\"https:\/\/clixity.eu\/wp-content\/uploads\/2020\/11\/team-03-free-img.jpg\" class=\"attachment-full size-full wp-image-287\" alt=\"team 03 free img\" srcset=\"https:\/\/clixity.eu\/wp-content\/uploads\/2020\/11\/team-03-free-img.jpg 320w, https:\/\/clixity.eu\/wp-content\/uploads\/2020\/11\/team-03-free-img-300x300.jpg 300w, https:\/\/clixity.eu\/wp-content\/uploads\/2020\/11\/team-03-free-img-150x150.jpg 150w\" sizes=\"(max-width: 320px) 100vw, 320px\" \/>\t\t\t\t\t\t\t\t\t\t\t\t\t\t\t<\/div>\n\t\t\t\t<\/div>\n\t\t\t\t<div class=\"elementor-element elementor-element-14a807b elementor-widget elementor-widget-heading\" data-id=\"14a807b\" data-element_type=\"widget\" data-widget_type=\"heading.default\">\n\t\t\t\t<div class=\"elementor-widget-container\">\n\t\t\t\t\t<h4 class=\"elementor-heading-title elementor-size-default\">Gabrielle Winn<\/h4>\t\t\t\t<\/div>\n\t\t\t\t<\/div>\n\t\t\t\t<div class=\"elementor-element elementor-element-a32db2a elementor-widget elementor-widget-heading\" data-id=\"a32db2a\" data-element_type=\"widget\" data-widget_type=\"heading.default\">\n\t\t\t\t<div class=\"elementor-widget-container\">\n\t\t\t\t\t<h6 class=\"elementor-heading-title elementor-size-default\">CEO<\/h6>\t\t\t\t<\/div>\n\t\t\t\t<\/div>\n\t\t\t\t<\/div>\n\t\t<div class=\"elementor-element elementor-element-81195a6 e-con-full e-flex e-con e-child\" data-id=\"81195a6\" data-element_type=\"container\">\n\t\t\t\t<div class=\"elementor-element elementor-element-c9d039d elementor-widget elementor-widget-image\" data-id=\"c9d039d\" data-element_type=\"widget\" data-widget_type=\"image.default\">\n\t\t\t\t<div class=\"elementor-widget-container\">\n\t\t\t\t\t\t\t\t\t\t\t\t\t\t\t<img decoding=\"async\" width=\"320\" height=\"320\" src=\"https:\/\/clixity.eu\/wp-content\/uploads\/2020\/11\/team-01-free-img.jpg\" class=\"attachment-full size-full wp-image-285\" alt=\"team 01 free img\" srcset=\"https:\/\/clixity.eu\/wp-content\/uploads\/2020\/11\/team-01-free-img.jpg 320w, https:\/\/clixity.eu\/wp-content\/uploads\/2020\/11\/team-01-free-img-300x300.jpg 300w, https:\/\/clixity.eu\/wp-content\/uploads\/2020\/11\/team-01-free-img-150x150.jpg 150w\" sizes=\"(max-width: 320px) 100vw, 320px\" \/>\t\t\t\t\t\t\t\t\t\t\t\t\t\t\t<\/div>\n\t\t\t\t<\/div>\n\t\t\t\t<div class=\"elementor-element elementor-element-fc2a0f6 elementor-widget elementor-widget-heading\" data-id=\"fc2a0f6\" data-element_type=\"widget\" data-widget_type=\"heading.default\">\n\t\t\t\t<div class=\"elementor-widget-container\">\n\t\t\t\t\t<h4 class=\"elementor-heading-title elementor-size-default\">Mario Palmer<\/h4>\t\t\t\t<\/div>\n\t\t\t\t<\/div>\n\t\t\t\t<div class=\"elementor-element elementor-element-2902ba3 elementor-widget elementor-widget-heading\" data-id=\"2902ba3\" data-element_type=\"widget\" data-widget_type=\"heading.default\">\n\t\t\t\t<div class=\"elementor-widget-container\">\n\t\t\t\t\t<h6 class=\"elementor-heading-title elementor-size-default\">Managing Partner<\/h6>\t\t\t\t<\/div>\n\t\t\t\t<\/div>\n\t\t\t\t<\/div>\n\t\t<div class=\"elementor-element elementor-element-32a4a5c e-con-full e-flex e-con e-child\" data-id=\"32a4a5c\" data-element_type=\"container\">\n\t\t\t\t<div class=\"elementor-element elementor-element-58bea08 elementor-widget elementor-widget-image\" data-id=\"58bea08\" data-element_type=\"widget\" data-widget_type=\"image.default\">\n\t\t\t\t<div class=\"elementor-widget-container\">\n\t\t\t\t\t\t\t\t\t\t\t\t\t\t\t<img decoding=\"async\" width=\"320\" height=\"320\" src=\"https:\/\/clixity.eu\/wp-content\/uploads\/2020\/11\/team-02-free-img.jpg\" class=\"attachment-full size-full wp-image-286\" alt=\"team 02 free img\" srcset=\"https:\/\/clixity.eu\/wp-content\/uploads\/2020\/11\/team-02-free-img.jpg 320w, https:\/\/clixity.eu\/wp-content\/uploads\/2020\/11\/team-02-free-img-300x300.jpg 300w, https:\/\/clixity.eu\/wp-content\/uploads\/2020\/11\/team-02-free-img-150x150.jpg 150w\" sizes=\"(max-width: 320px) 100vw, 320px\" \/>\t\t\t\t\t\t\t\t\t\t\t\t\t\t\t<\/div>\n\t\t\t\t<\/div>\n\t\t\t\t<div class=\"elementor-element elementor-element-5f88786 elementor-widget elementor-widget-heading\" data-id=\"5f88786\" data-element_type=\"widget\" data-widget_type=\"heading.default\">\n\t\t\t\t<div class=\"elementor-widget-container\">\n\t\t\t\t\t<h4 class=\"elementor-heading-title elementor-size-default\">Kelly Williams<\/h4>\t\t\t\t<\/div>\n\t\t\t\t<\/div>\n\t\t\t\t<div class=\"elementor-element elementor-element-4923f69 elementor-widget elementor-widget-heading\" data-id=\"4923f69\" data-element_type=\"widget\" data-widget_type=\"heading.default\">\n\t\t\t\t<div class=\"elementor-widget-container\">\n\t\t\t\t\t<h6 class=\"elementor-heading-title elementor-size-default\">Marketing Strategist<\/h6>\t\t\t\t<\/div>\n\t\t\t\t<\/div>\n\t\t\t\t<\/div>\n\t\t\t\t<\/div>\n\t\t\t\t<\/div>\n\t\t\t\t\t<\/div>\n\t\t\t\t<\/div>\n\t\t<div class=\"elementor-element elementor-element-e4d63cc elementor-hidden-desktop elementor-hidden-tablet elementor-hidden-mobile e-flex e-con-boxed e-con e-parent\" data-id=\"e4d63cc\" data-element_type=\"container\">\n\t\t\t\t\t<div class=\"e-con-inner\">\n\t\t<div class=\"elementor-element elementor-element-a41d145 e-con-full e-flex e-con e-child\" data-id=\"a41d145\" data-element_type=\"container\">\n\t\t\t\t<div class=\"elementor-element elementor-element-33d930e elementor-widget elementor-widget-heading\" data-id=\"33d930e\" data-element_type=\"widget\" data-widget_type=\"heading.default\">\n\t\t\t\t<div class=\"elementor-widget-container\">\n\t\t\t\t\t<h6 class=\"elementor-heading-title elementor-size-default\">03<\/h6>\t\t\t\t<\/div>\n\t\t\t\t<\/div>\n\t\t\t\t<div class=\"elementor-element elementor-element-dc2ea89 elementor-widget elementor-widget-heading\" data-id=\"dc2ea89\" data-element_type=\"widget\" data-widget_type=\"heading.default\">\n\t\t\t\t<div class=\"elementor-widget-container\">\n\t\t\t\t\t<h5 class=\"elementor-heading-title elementor-size-default\">Clients<\/h5>\t\t\t\t<\/div>\n\t\t\t\t<\/div>\n\t\t\t\t<\/div>\n\t\t<div class=\"elementor-element elementor-element-a62ef87 e-con-full e-flex e-con e-child\" data-id=\"a62ef87\" data-element_type=\"container\">\n\t\t<div class=\"elementor-element elementor-element-f9f99eb e-con-full e-flex e-con e-child\" data-id=\"f9f99eb\" data-element_type=\"container\">\n\t\t<div class=\"elementor-element elementor-element-341ae2d e-con-full e-flex e-con e-child\" data-id=\"341ae2d\" data-element_type=\"container\" data-settings=\"{&quot;background_background&quot;:&quot;classic&quot;}\">\n\t\t\t\t<div class=\"elementor-element elementor-element-a56ad0d elementor-widget elementor-widget-image\" data-id=\"a56ad0d\" data-element_type=\"widget\" data-widget_type=\"image.default\">\n\t\t\t\t<div class=\"elementor-widget-container\">\n\t\t\t\t\t\t\t\t\t\t\t\t\t\t\t\t<a href=\"#\">\n\t\t\t\t\t\t\t<img loading=\"lazy\" decoding=\"async\" width=\"320\" height=\"320\" src=\"https:\/\/clixity.eu\/wp-content\/uploads\/2020\/11\/logo-006-free-img.png\" class=\"attachment-full size-full wp-image-207\" alt=\"logo 006 free img\" srcset=\"https:\/\/clixity.eu\/wp-content\/uploads\/2020\/11\/logo-006-free-img.png 320w, https:\/\/clixity.eu\/wp-content\/uploads\/2020\/11\/logo-006-free-img-300x300.png 300w, https:\/\/clixity.eu\/wp-content\/uploads\/2020\/11\/logo-006-free-img-150x150.png 150w\" sizes=\"(max-width: 320px) 100vw, 320px\" \/>\t\t\t\t\t\t\t\t<\/a>\n\t\t\t\t\t\t\t\t\t\t\t\t\t\t\t<\/div>\n\t\t\t\t<\/div>\n\t\t\t\t<\/div>\n\t\t<div class=\"elementor-element elementor-element-ec4664f e-con-full e-flex e-con e-child\" data-id=\"ec4664f\" data-element_type=\"container\" data-settings=\"{&quot;background_background&quot;:&quot;classic&quot;}\">\n\t\t\t\t<div class=\"elementor-element elementor-element-915369b elementor-widget elementor-widget-image\" data-id=\"915369b\" data-element_type=\"widget\" data-widget_type=\"image.default\">\n\t\t\t\t<div class=\"elementor-widget-container\">\n\t\t\t\t\t\t\t\t\t\t\t\t\t\t\t\t<a href=\"#\">\n\t\t\t\t\t\t\t<img loading=\"lazy\" decoding=\"async\" width=\"319\" height=\"320\" src=\"https:\/\/clixity.eu\/wp-content\/uploads\/2020\/11\/logo-005-free-img.png\" class=\"attachment-full size-full wp-image-204\" alt=\"logo 005 free img\" srcset=\"https:\/\/clixity.eu\/wp-content\/uploads\/2020\/11\/logo-005-free-img.png 319w, https:\/\/clixity.eu\/wp-content\/uploads\/2020\/11\/logo-005-free-img-300x300.png 300w, https:\/\/clixity.eu\/wp-content\/uploads\/2020\/11\/logo-005-free-img-150x150.png 150w\" sizes=\"(max-width: 319px) 100vw, 319px\" \/>\t\t\t\t\t\t\t\t<\/a>\n\t\t\t\t\t\t\t\t\t\t\t\t\t\t\t<\/div>\n\t\t\t\t<\/div>\n\t\t\t\t<\/div>\n\t\t<div class=\"elementor-element elementor-element-3244009 e-con-full e-flex e-con e-child\" data-id=\"3244009\" data-element_type=\"container\" data-settings=\"{&quot;background_background&quot;:&quot;classic&quot;}\">\n\t\t\t\t<div class=\"elementor-element elementor-element-f25fd8a elementor-widget elementor-widget-image\" data-id=\"f25fd8a\" data-element_type=\"widget\" data-widget_type=\"image.default\">\n\t\t\t\t<div class=\"elementor-widget-container\">\n\t\t\t\t\t\t\t\t\t\t\t\t\t\t\t\t<a href=\"#\">\n\t\t\t\t\t\t\t<img loading=\"lazy\" decoding=\"async\" width=\"320\" height=\"320\" src=\"https:\/\/clixity.eu\/wp-content\/uploads\/2020\/11\/logo-001-free-img.png\" class=\"attachment-full size-full wp-image-200\" alt=\"logo 001 free img\" srcset=\"https:\/\/clixity.eu\/wp-content\/uploads\/2020\/11\/logo-001-free-img.png 320w, https:\/\/clixity.eu\/wp-content\/uploads\/2020\/11\/logo-001-free-img-300x300.png 300w, https:\/\/clixity.eu\/wp-content\/uploads\/2020\/11\/logo-001-free-img-150x150.png 150w\" sizes=\"(max-width: 320px) 100vw, 320px\" \/>\t\t\t\t\t\t\t\t<\/a>\n\t\t\t\t\t\t\t\t\t\t\t\t\t\t\t<\/div>\n\t\t\t\t<\/div>\n\t\t\t\t<\/div>\n\t\t\t\t<\/div>\n\t\t\t\t<\/div>\n\t\t\t\t\t<\/div>\n\t\t\t\t<\/div>\n\t\t\t\t<\/div>","protected":false},"excerpt":{"rendered":"<p>AboutUs 01 Vision Who we are We\u2019re a digital marketing agency focused on results, not guesswork. At Clixity, strategy, data, and creativity come together to drive real growth. Clixity is a performance-driven digital marketing agency focused on strategy, growth, and measurable impact. At Clixity, we help ambitious brands turn marketing into momentum. Our team blends [&hellip;]<\/p>","protected":false},"author":1,"featured_media":0,"parent":0,"menu_order":0,"comment_status":"closed","ping_status":"closed","template":"","meta":{"site-sidebar-layout":"no-sidebar","site-content-layout":"page-builder","ast-site-content-layout":"default","site-content-style":"default","site-sidebar-style":"default","ast-global-header-display":"","ast-banner-title-visibility":"","ast-main-header-display":"","ast-hfb-above-header-display":"","ast-hfb-below-header-display":"","ast-hfb-mobile-header-display":"","site-post-title":"disabled","ast-breadcrumbs-content":"disabled","ast-featured-img":"disabled","footer-sml-layout":"","theme-transparent-header-meta":"enabled","adv-header-id-meta":"","stick-header-meta":"","header-above-stick-meta":"","header-main-stick-meta":"","header-below-stick-meta":"","astra-migrate-meta-layouts":"default","ast-page-background-enabled":"default","ast-page-background-meta":{"desktop":{"background-color":"","background-image":"","background-repeat":"repeat","background-position":"center center","background-size":"auto","background-attachment":"scroll","background-type":"","background-media":"","overlay-type":"","overlay-color":"","overlay-opacity":"","overlay-gradient":""},"tablet":{"background-color":"","background-image":"","background-repeat":"repeat","background-position":"center center","background-size":"auto","background-attachment":"scroll","background-type":"","background-media":"","overlay-type":"","overlay-color":"","overlay-opacity":"","overlay-gradient":""},"mobile":{"background-color":"","background-image":"","background-repeat":"repeat","background-position":"center center","background-size":"auto","background-attachment":"scroll","background-type":"","background-media":"","overlay-type":"","overlay-color":"","overlay-opacity":"","overlay-gradient":""}},"ast-content-background-meta":{"desktop":{"background-color":"var(--ast-global-color-5)","background-image":"","background-repeat":"repeat","background-position":"center center","background-size":"auto","background-attachment":"scroll","background-type":"","background-media":"","overlay-type":"","overlay-color":"","overlay-opacity":"","overlay-gradient":""},"tablet":{"background-color":"var(--ast-global-color-5)","background-image":"","background-repeat":"repeat","background-position":"center center","background-size":"auto","background-attachment":"scroll","background-type":"","background-media":"","overlay-type":"","overlay-color":"","overlay-opacity":"","overlay-gradient":""},"mobile":{"background-color":"var(--ast-global-color-5)","background-image":"","background-repeat":"repeat","background-position":"center center","background-size":"auto","background-attachment":"scroll","background-type":"","background-media":"","overlay-type":"","overlay-color":"","overlay-opacity":"","overlay-gradient":""}},"footnotes":""},"class_list":["post-14","page","type-page","status-publish","hentry"],"_links":{"self":[{"href":"https:\/\/clixity.eu\/pt\/wp-json\/wp\/v2\/pages\/14","targetHints":{"allow":["GET"]}}],"collection":[{"href":"https:\/\/clixity.eu\/pt\/wp-json\/wp\/v2\/pages"}],"about":[{"href":"https:\/\/clixity.eu\/pt\/wp-json\/wp\/v2\/types\/page"}],"author":[{"embeddable":true,"href":"https:\/\/clixity.eu\/pt\/wp-json\/wp\/v2\/users\/1"}],"replies":[{"embeddable":true,"href":"https:\/\/clixity.eu\/pt\/wp-json\/wp\/v2\/comments?post=14"}],"version-history":[{"count":3,"href":"https:\/\/clixity.eu\/pt\/wp-json\/wp\/v2\/pages\/14\/revisions"}],"predecessor-version":[{"id":1126,"href":"https:\/\/clixity.eu\/pt\/wp-json\/wp\/v2\/pages\/14\/revisions\/1126"}],"wp:attachment":[{"href":"https:\/\/clixity.eu\/pt\/wp-json\/wp\/v2\/media?parent=14"}],"curies":[{"name":"wp","href":"https:\/\/api.w.org\/{rel}","templated":true}]}}